{"id":175,"date":"2017-09-06T09:35:05","date_gmt":"2017-09-06T09:35:05","guid":{"rendered":"http:\/\/demo.curlythemes.com\/art-gallery-wp\/?page_id=175"},"modified":"2026-03-20T18:22:21","modified_gmt":"2026-03-20T17:22:21","slug":"peintures","status":"publish","type":"page","link":"https:\/\/dimitribuiron.com\/en\/peintures\/","title":{"rendered":"Paintings"},"content":{"rendered":"<div data-stellar-offset-parent=\"true\"  class=\"vc_row wpb_row vc_row-fluid content-padding\"><div  class=\"wpb_column vc_column_container vc_col-sm-12\"><div class=\"vc_column-inner\" style=\"\" ><div class=\"wpb_wrapper\"><div class=\"vc_empty_space\"   style=\"height: 48px\"><span class=\"vc_empty_space_inner\"><\/span><\/div>\n\t<div class=\"wpb_text_column wpb_content_element\" >\n\t\t<div class=\"wpb_wrapper\">\n\t\t\t<h2 class=\"special-title display-1\" style=\"text-align: center;\">Reminiscence<\/h2>\n\n\t\t<\/div>\n\t<\/div>\n\n\t<div class=\"wpb_text_column wpb_content_element\" >\n\t\t<div class=\"wpb_wrapper\">\n\t\t\t<h2 class=\"lead special-title\" style=\"text-align: center;\">Here are portraits of a forgotten innocence, buried in the psyche of a lost soul.<br \/>\nin search of new inspiration, of renewal.<br \/>\nUsing romantic imagery of childhood memories,<br \/>\nI would like to turn our attention to young people,<br \/>\nto revive a sense of purity, movement and hope.<br \/>\nWhile questioning our relationship with the passing of time and the traces we leave behind,<br \/>\nto the things we pass on.<\/h2>\n\n\t\t<\/div>\n\t<\/div>\n\n<div class=\"vc_grid-container-wrapper vc_clearfix vc_grid-animation-zoomIn\">\n\t<div class=\"vc_grid-container vc_clearfix wpb_content_element vc_masonry_media_grid\" data-initial-loading-animation=\"zoomIn\" data-vc-grid-settings=\"{&quot;page_id&quot;:175,&quot;style&quot;:&quot;all-masonry&quot;,&quot;action&quot;:&quot;vc_get_vc_grid_data&quot;,&quot;shortcode_id&quot;:&quot;1774027241864-c7ba5fdb-cb19-9&quot;,&quot;tag&quot;:&quot;vc_masonry_media_grid&quot;}\" data-vc-request=\"https:\/\/dimitribuiron.com\/wp-admin\/admin-ajax.php\" data-vc-post-id=\"175\" data-vc-public-nonce=\"66d6f7adbf\">\n\t\t\n\t<\/div>\n<\/div><\/div><\/div><\/div><\/div><div data-vc-full-width=\"true\" data-vc-full-width-init=\"false\" data-stellar-offset-parent=\"true\"  class=\"vc_row wpb_row vc_row-fluid content-padding-lg vc_custom_1676237622585 vc_row-has-fill\"><div  class=\"wpb_column vc_column_container vc_col-sm-12\"><div class=\"vc_column-inner\" style=\"\" ><div class=\"wpb_wrapper\">\n\t<div class=\"wpb_text_column wpb_content_element\" >\n\t\t<div class=\"wpb_wrapper\">\n\t\t\t<h2 class=\"special-title display-1\" style=\"text-align: center;\">Transfigured<br \/>\nreality<\/h2>\n\n\t\t<\/div>\n\t<\/div>\n\n\t<div class=\"wpb_text_column wpb_content_element\" >\n\t\t<div class=\"wpb_wrapper\">\n\t\t\t<h2 class=\"lead special-title\" style=\"text-align: center;\">I've always wanted to reveal things that are hidden beyond appearances.<br \/>\nTo inspire the fascination we feel when confronted with something that is beyond us and distorts our perception of reality.<br \/>\nLike a hymn to the unknown, a call to re-enchant the world.<\/h2>\n\n\t\t<\/div>\n\t<\/div>\n\n<div class=\"vc_grid-container-wrapper vc_clearfix vc_grid-animation-zoomIn\">\n\t<div class=\"vc_grid-container vc_clearfix wpb_content_element vc_masonry_media_grid\" data-initial-loading-animation=\"zoomIn\" data-vc-grid-settings=\"{&quot;page_id&quot;:175,&quot;style&quot;:&quot;all-masonry&quot;,&quot;action&quot;:&quot;vc_get_vc_grid_data&quot;,&quot;shortcode_id&quot;:&quot;1774027241865-17b1d93a-95cc-0&quot;,&quot;tag&quot;:&quot;vc_masonry_media_grid&quot;}\" data-vc-request=\"https:\/\/dimitribuiron.com\/wp-admin\/admin-ajax.php\" data-vc-post-id=\"175\" data-vc-public-nonce=\"66d6f7adbf\">\n\t\t\n\t<\/div>\n<\/div>\n\t<div class=\"wpb_text_column wpb_content_element  lead special-title\" >\n\t\t<div class=\"wpb_wrapper\">\n\t\t\t<h2 class=\"lead special-title\" style=\"text-align: center;\"><\/h2>\n<h2 class=\"lead special-title\" style=\"text-align: center;\"><span style=\"font-size: 1.25rem;\">To express my innermost fibre, on the borderline between romanticism and symbolism.<\/span><br \/>\n<span style=\"font-size: 1.25rem;\">Injecting mystery and fantasy into everyday life, which is perceived as too prosaic, to sublimate it.<\/span><br \/>\n<span style=\"color: inherit; font-family: inherit; font-size: 1.25rem;\"> To bring to light a transfigured reality as I feel it, bittersweet.<\/span><\/h2>\n\n\t\t<\/div>\n\t<\/div>\n\n<div class=\"vc_grid-container-wrapper vc_clearfix vc_grid-animation-zoomIn\">\n\t<div class=\"vc_grid-container vc_clearfix wpb_content_element vc_masonry_media_grid\" data-initial-loading-animation=\"zoomIn\" data-vc-grid-settings=\"{&quot;page_id&quot;:175,&quot;style&quot;:&quot;all-masonry&quot;,&quot;action&quot;:&quot;vc_get_vc_grid_data&quot;,&quot;shortcode_id&quot;:&quot;1774027241865-7ce562c8-6541-0&quot;,&quot;tag&quot;:&quot;vc_masonry_media_grid&quot;}\" data-vc-request=\"https:\/\/dimitribuiron.com\/wp-admin\/admin-ajax.php\" data-vc-post-id=\"175\" data-vc-public-nonce=\"66d6f7adbf\">\n\t\t\n\t<\/div>\n<\/div><\/div><\/div><\/div><\/div><div class=\"vc_row-full-width vc_clearfix\"><\/div><div data-stellar-offset-parent=\"true\"  class=\"vc_row wpb_row vc_row-fluid content-padding\"><div  class=\"wpb_column vc_column_container vc_col-sm-12\"><div class=\"vc_column-inner\" style=\"\" ><div class=\"wpb_wrapper\">\n\t<div class=\"wpb_text_column wpb_content_element\" >\n\t\t<div class=\"wpb_wrapper\">\n\t\t\t<h2 class=\"special-title display-1\" style=\"text-align: center;\">Fragments<\/h2>\n\n\t\t<\/div>\n\t<\/div>\n\n\t<div class=\"wpb_text_column wpb_content_element  lead special-title\" >\n\t\t<div class=\"wpb_wrapper\">\n\t\t\t<h1 class=\"lead special-title\" style=\"text-align: center;\">These small-scale works allow me to express the ideas for staging that come to me during the long process of creating the large formats.<br \/>\nAt the same time, I get to experiment with new techniques that I can use on future compositions.<br \/>\nCes oeuvres s&#8217;incluent dans mes s\u00e9ries R\u00e9miniscene et R\u00e9alit\u00e9 transfigur\u00e9e.<\/h1>\n\n\t\t<\/div>\n\t<\/div>\n\n<div class=\"vc_grid-container-wrapper vc_clearfix vc_grid-animation-zoomIn\">\n\t<div class=\"vc_grid-container vc_clearfix wpb_content_element vc_masonry_media_grid\" data-initial-loading-animation=\"zoomIn\" data-vc-grid-settings=\"{&quot;page_id&quot;:175,&quot;style&quot;:&quot;all-masonry&quot;,&quot;action&quot;:&quot;vc_get_vc_grid_data&quot;,&quot;shortcode_id&quot;:&quot;1774027241866-78465dfd-da90-7&quot;,&quot;tag&quot;:&quot;vc_masonry_media_grid&quot;}\" data-vc-request=\"https:\/\/dimitribuiron.com\/wp-admin\/admin-ajax.php\" data-vc-post-id=\"175\" data-vc-public-nonce=\"66d6f7adbf\">\n\t\t\n\t<\/div>\n<\/div><\/div><\/div><\/div><\/div><div data-stellar-offset-parent=\"true\"  class=\"vc_row wpb_row vc_row-fluid content-padding\"><div  class=\"wpb_column vc_column_container vc_col-sm-12\"><div class=\"vc_column-inner\" style=\"\" ><div class=\"wpb_wrapper\"><div class=\"vc_btn3-container vc_btn3-center\" ><a class=\"vc_general vc_btn3 vc_btn3-size-lg vc_btn3-shape-rounded vc_btn3-style-btn-primary vc_btn3-color-grey\" href=\"https:\/\/dimitribuiron.com\/en\/contact\/\" title=\"Contact\">Do you need information ?<\/a><\/div><\/div><\/div><\/div><\/div>","protected":false},"excerpt":{"rendered":"Reminiscence Voici les portraits d\u2019une candeur oubli\u00e9e, enfouie dans la psych\u00e9 d\u2019un \u00eatre perdu, en qu\u00eate d\u2019une nouvelle inspiration, d\u2019un renouveau. En utilisant l\u2019imagerie romantique de souvenirs d\u2019enfance, je souhaite orienter notre regard vers la jeunesse, pour faire rena\u00eetre une forme de puret\u00e9, de mouvement et d\u2019espoir. Tout en questionnant notre rapport au temps qui passe, aux traces que nous [...]","protected":false},"author":2,"featured_media":0,"parent":0,"menu_order":0,"comment_status":"closed","ping_status":"closed","template":"","meta":{"footnotes":""},"class_list":["post-175","page","type-page","status-publish","hentry"],"_links":{"self":[{"href":"https:\/\/dimitribuiron.com\/en\/wp-json\/wp\/v2\/pages\/175","targetHints":{"allow":["GET"]}}],"collection":[{"href":"https:\/\/dimitribuiron.com\/en\/wp-json\/wp\/v2\/pages"}],"about":[{"href":"https:\/\/dimitribuiron.com\/en\/wp-json\/wp\/v2\/types\/page"}],"author":[{"embeddable":true,"href":"https:\/\/dimitribuiron.com\/en\/wp-json\/wp\/v2\/users\/2"}],"replies":[{"embeddable":true,"href":"https:\/\/dimitribuiron.com\/en\/wp-json\/wp\/v2\/comments?post=175"}],"version-history":[{"count":84,"href":"https:\/\/dimitribuiron.com\/en\/wp-json\/wp\/v2\/pages\/175\/revisions"}],"predecessor-version":[{"id":935,"href":"https:\/\/dimitribuiron.com\/en\/wp-json\/wp\/v2\/pages\/175\/revisions\/935"}],"wp:attachment":[{"href":"https:\/\/dimitribuiron.com\/en\/wp-json\/wp\/v2\/media?parent=175"}],"curies":[{"name":"wp","href":"https:\/\/api.w.org\/{rel}","templated":true}]}}