{"id":438,"date":"2023-02-14T12:23:08","date_gmt":"2023-02-14T11:23:08","guid":{"rendered":"https:\/\/cours.josephine.boutique\/?page_id=438"},"modified":"2026-03-17T14:59:01","modified_gmt":"2026-03-17T13:59:01","slug":"commande","status":"publish","type":"page","link":"https:\/\/dimitribuiron.com\/en\/commande\/","title":{"rendered":"commission"},"content":{"rendered":"<div data-stellar-offset-parent=\"true\"  class=\"vc_row wpb_row vc_row-fluid content-padding\"><div  class=\"wpb_column vc_column_container vc_col-sm-6\"><div class=\"vc_column-inner\" style=\"\" ><div class=\"wpb_wrapper\"><div class=\"vc_empty_space\"   style=\"height: 48px\"><span class=\"vc_empty_space_inner\"><\/span><\/div>\n\t<div class=\"wpb_text_column wpb_content_element\" >\n\t\t<div class=\"wpb_wrapper\">\n\t\t\t<h2 style=\"text-align: center;\"><span style=\"color: #000000;\">Vision<\/span><\/h2>\n<p class=\"font_8\" style=\"text-align: center;\"><span style=\"color: #000000;\">The realization of commissioned works is a stimulating exercise that represents an important part of my work. At this point, I am no longer alone in my approach because the sponsors are included throughout the creative process. In a constant dialogue to find the subtle balance between their expectations and my artistic approach, so that these works can fit completely into my world as well as all my personal works.<\/span><\/p>\n<p class=\"font_8\" style=\"text-align: center;\"><span class=\"wixGuard\" style=\"color: #000000;\">\u200b<\/span><\/p>\n<h2 style=\"text-align: center;\"><span style=\"color: #000000;\">Process and benefits<\/span><\/h2>\n<p class=\"font_8\" style=\"text-align: center;\"><span style=\"color: #000000;\"><span class=\"color_15\"><span class=\"wixGuard\">\u200b<\/span><\/span>In order to find the ideal composition, I do a lot of research before painting. A multitude of drawings, photographs and digital montages to reach a precise visual, which I then inspire to realize my works.<\/span><\/p>\n<p class=\"font_8\" style=\"text-align: center;\"><span style=\"color: #000000;\">Through this process, clients have a clear vision of the finished work before it even begins, and can therefore give their approval with confidence. This is one of the strengths of photorealism, and why my graphic style is perfectly suited to creating commissioned work.<\/span><\/p>\n\n\t\t<\/div>\n\t<\/div>\n<\/div><\/div><\/div><div  class=\"wpb_column vc_column_container vc_col-sm-6\"><div class=\"vc_column-inner\" style=\"\" ><div class=\"wpb_wrapper\">\n\t<div class=\"wpb_single_image wpb_content_element vc_align_left\">\n\t\t\n\t\t<figure class=\"wpb_wrapper vc_figure\">\n\t\t\t<div class=\"vc_single_image-wrapper   vc_box_border_grey\"><img loading=\"lazy\" decoding=\"async\" width=\"660\" height=\"814\" src=\"https:\/\/dimitribuiron.com\/wp-content\/uploads\/2023\/02\/IMG_84562-830x1024.jpg\" class=\"vc_single_image-img attachment-large\" alt=\"\" title=\"\" \/><\/div>\n\t\t<\/figure>\n\t<\/div>\n<\/div><\/div><\/div><div  class=\"wpb_column vc_column_container vc_col-sm-12\"><div class=\"vc_column-inner\" style=\"\" ><div class=\"wpb_wrapper\"><div class=\"vc_btn3-container vc_btn3-center\" ><a class=\"vc_general vc_btn3 vc_btn3-size-lg vc_btn3-shape-rounded vc_btn3-style-btn-primary vc_btn3-color-grey\" href=\"https:\/\/dimitribuiron.com\/en\/contact\/\" title=\"Contact\">Do you need information ?<\/a><\/div><\/div><\/div><\/div><\/div><div data-stellar-offset-parent=\"true\"  class=\"vc_row wpb_row vc_row-fluid content-padding\"><div  class=\"wpb_column vc_column_container vc_col-sm-12\"><div class=\"vc_column-inner\" style=\"\" ><div class=\"wpb_wrapper\">\n\t<div class=\"wpb_text_column wpb_content_element\" >\n\t\t<div class=\"wpb_wrapper\">\n\t\t\t<h2 style=\"text-align: center;\"><span style=\"color: #000000;\">Commissioned works<\/span><\/h2>\n\n\t\t<\/div>\n\t<\/div>\n\n<div class=\"vc_grid-container-wrapper vc_clearfix vc_grid-animation-zoomIn\">\n\t<div class=\"vc_grid-container vc_clearfix wpb_content_element vc_masonry_media_grid\" data-initial-loading-animation=\"zoomIn\" data-vc-grid-settings=\"{&quot;page_id&quot;:438,&quot;style&quot;:&quot;all-masonry&quot;,&quot;action&quot;:&quot;vc_get_vc_grid_data&quot;,&quot;shortcode_id&quot;:&quot;1773755916416-8b21403d-ece3-3&quot;,&quot;tag&quot;:&quot;vc_masonry_media_grid&quot;}\" data-vc-request=\"https:\/\/dimitribuiron.com\/wp-admin\/admin-ajax.php\" data-vc-post-id=\"438\" data-vc-public-nonce=\"45331b69c3\">\n\t\t\n\t<\/div>\n<\/div><\/div><\/div><\/div><\/div>","protected":false},"excerpt":{"rendered":"Vision La r\u00e9alisation d\u2019\u0153uvres sur commande est un exercice stimulant qui repr\u00e9sente une part importante de mes travaux. \u00c0 cet instant, je ne suis plus seul dans ma d\u00e9marche car les commanditaires sont inclus(es) tout au long du processus de cr\u00e9ation. Dans un dialogue constant afin de trouver l'\u00e9quilibre subtil entre leurs attentes et ma d\u00e9marche artistique, pour que ces [...]","protected":false},"author":2,"featured_media":0,"parent":0,"menu_order":0,"comment_status":"closed","ping_status":"closed","template":"","meta":{"footnotes":""},"class_list":["post-438","page","type-page","status-publish","hentry"],"_links":{"self":[{"href":"https:\/\/dimitribuiron.com\/en\/wp-json\/wp\/v2\/pages\/438","targetHints":{"allow":["GET"]}}],"collection":[{"href":"https:\/\/dimitribuiron.com\/en\/wp-json\/wp\/v2\/pages"}],"about":[{"href":"https:\/\/dimitribuiron.com\/en\/wp-json\/wp\/v2\/types\/page"}],"author":[{"embeddable":true,"href":"https:\/\/dimitribuiron.com\/en\/wp-json\/wp\/v2\/users\/2"}],"replies":[{"embeddable":true,"href":"https:\/\/dimitribuiron.com\/en\/wp-json\/wp\/v2\/comments?post=438"}],"version-history":[{"count":23,"href":"https:\/\/dimitribuiron.com\/en\/wp-json\/wp\/v2\/pages\/438\/revisions"}],"predecessor-version":[{"id":928,"href":"https:\/\/dimitribuiron.com\/en\/wp-json\/wp\/v2\/pages\/438\/revisions\/928"}],"wp:attachment":[{"href":"https:\/\/dimitribuiron.com\/en\/wp-json\/wp\/v2\/media?parent=438"}],"curies":[{"name":"wp","href":"https:\/\/api.w.org\/{rel}","templated":true}]}}