{"id":494,"date":"2023-02-14T19:35:44","date_gmt":"2023-02-14T18:35:44","guid":{"rendered":"https:\/\/cours.josephine.boutique\/?page_id=494"},"modified":"2026-03-17T14:57:55","modified_gmt":"2026-03-17T13:57:55","slug":"prints","status":"publish","type":"page","link":"https:\/\/dimitribuiron.com\/en\/prints\/","title":{"rendered":"Prints"},"content":{"rendered":"<div data-stellar-offset-parent=\"true\"  class=\"vc_row wpb_row vc_row-fluid content-padding\"><div  class=\"wpb_column vc_column_container vc_col-sm-12\"><div class=\"vc_column-inner\" style=\"\" ><div class=\"wpb_wrapper\">\n\t<div class=\"wpb_text_column wpb_content_element\" >\n\t\t<div class=\"wpb_wrapper\">\n\t\t\t<h2 class=\"special-title\" style=\"text-align: center;\"><span style=\"color: #000000;\">Limited edition prints<\/span><\/h2>\n\n\t\t<\/div>\n\t<\/div>\n\n\t<div class=\"wpb_text_column wpb_content_element\" >\n\t\t<div class=\"wpb_wrapper\">\n\t\t\t<h3 class=\"lead special-title\" style=\"text-align: center;\">These high quality prints are printed\u00a0<span style=\"font-size: 1.25rem;\">on a 330g\/m\u00b2 Polycotton canvas <\/span><span style=\"color: inherit; font-family: inherit; font-size: 1.25rem;\">with Fine Art UV inks, ensuring an extremely detailed reproduction that is faithful to the original work.<\/span><\/h3>\n<p style=\"text-align: center;\">Each print is made to order, numbered and signed, to preserve the rarity of these works, limited to a maximum of 30 copies.<\/p>\n\n\t\t<\/div>\n\t<\/div>\n<div class=\"vc_btn3-container vc_btn3-center\" ><a class=\"vc_general vc_btn3 vc_btn3-size-lg vc_btn3-shape-rounded vc_btn3-style-btn-primary vc_btn3-color-grey\" href=\"https:\/\/dimitribuiron.com\/en\/contact\/\" title=\"Contact\">Do you need information ?<\/a><\/div><\/div><\/div><\/div><\/div><div data-stellar-offset-parent=\"true\"  class=\"vc_row wpb_row vc_row-fluid content-padding\"><div  class=\"wpb_column vc_column_container vc_col-sm-12\"><div class=\"vc_column-inner\" style=\"\" ><div class=\"wpb_wrapper\">\n<div class=\"vc_grid-container-wrapper vc_clearfix vc_grid-animation-zoomIn\">\n\t<div class=\"vc_grid-container vc_clearfix wpb_content_element vc_masonry_media_grid\" data-initial-loading-animation=\"zoomIn\" data-vc-grid-settings=\"{&quot;page_id&quot;:494,&quot;style&quot;:&quot;all-masonry&quot;,&quot;action&quot;:&quot;vc_get_vc_grid_data&quot;,&quot;shortcode_id&quot;:&quot;1773755844376-c66787b1-3a09-4&quot;,&quot;tag&quot;:&quot;vc_masonry_media_grid&quot;}\" data-vc-request=\"https:\/\/dimitribuiron.com\/wp-admin\/admin-ajax.php\" data-vc-post-id=\"494\" data-vc-public-nonce=\"08dda5a504\">\n\t\t\n\t<\/div>\n<\/div><\/div><\/div><\/div><\/div>","protected":false},"excerpt":{"rendered":"Impressions d'art en \u00e9dition limit\u00e9e Ces tirages de haute qualit\u00e9 sont imprim\u00e9s\u00a0sur une toile Polycoton 330g\/m\u00b2 avec des encres UV Fine Art, assurant ainsi une reproduction extr\u00eamement d\u00e9taill\u00e9e et fid\u00e8le \u00e0 l'\u0153uvre originale. Chaque tirage est imprim\u00e9 sur demande, num\u00e9rot\u00e9 et sign\u00e9, afin de pr\u00e9server la raret\u00e9 de ces \u0153uvres limit\u00e9es \u00e0 30 exemplaires maximum. Besoin d'un renseignement ?","protected":false},"author":2,"featured_media":0,"parent":0,"menu_order":0,"comment_status":"closed","ping_status":"closed","template":"","meta":{"footnotes":""},"class_list":["post-494","page","type-page","status-publish","hentry"],"_links":{"self":[{"href":"https:\/\/dimitribuiron.com\/en\/wp-json\/wp\/v2\/pages\/494","targetHints":{"allow":["GET"]}}],"collection":[{"href":"https:\/\/dimitribuiron.com\/en\/wp-json\/wp\/v2\/pages"}],"about":[{"href":"https:\/\/dimitribuiron.com\/en\/wp-json\/wp\/v2\/types\/page"}],"author":[{"embeddable":true,"href":"https:\/\/dimitribuiron.com\/en\/wp-json\/wp\/v2\/users\/2"}],"replies":[{"embeddable":true,"href":"https:\/\/dimitribuiron.com\/en\/wp-json\/wp\/v2\/comments?post=494"}],"version-history":[{"count":15,"href":"https:\/\/dimitribuiron.com\/en\/wp-json\/wp\/v2\/pages\/494\/revisions"}],"predecessor-version":[{"id":927,"href":"https:\/\/dimitribuiron.com\/en\/wp-json\/wp\/v2\/pages\/494\/revisions\/927"}],"wp:attachment":[{"href":"https:\/\/dimitribuiron.com\/en\/wp-json\/wp\/v2\/media?parent=494"}],"curies":[{"name":"wp","href":"https:\/\/api.w.org\/{rel}","templated":true}]}}