{"id":80,"date":"2017-09-05T10:49:47","date_gmt":"2017-09-05T10:49:47","guid":{"rendered":"http:\/\/demo.curlythemes.com\/art-gallery-wp\/?page_id=80"},"modified":"2026-03-17T15:01:46","modified_gmt":"2026-03-17T14:01:46","slug":"a-propos","status":"publish","type":"page","link":"https:\/\/dimitribuiron.com\/en\/a-propos\/","title":{"rendered":"About"},"content":{"rendered":"<div data-vc-full-width=\"true\" data-vc-full-width-init=\"false\" data-stellar-offset-parent=\"true\"  class=\"vc_row wpb_row vc_row-fluid bg-pos-center-bottom bg-no-repeat content-padding-lg vc_custom_1504179041831 vc_row-has-fill\"><div  class=\"wpb_column vc_column_container vc_col-sm-6\"><div class=\"vc_column-inner\" style=\"\" ><div class=\"wpb_wrapper\">\n\t<div class=\"wpb_text_column wpb_content_element\" >\n\t\t<div class=\"wpb_wrapper\">\n\t\t\t<h1 class=\"display-1\">Approach<\/h1>\n\n\t\t<\/div>\n\t<\/div>\n\n\t<div class=\"wpb_text_column wpb_content_element\" >\n\t\t<div class=\"wpb_wrapper\">\n\t\t\t<blockquote>\n<p class=\"font_7\"><span class=\"color_20\"> Dimitri BUIRON's artworks form a bridge between a sensibility inherited from the romantic and symbolic painters of the 19th century and the questions of our time.<\/span><\/p>\n<\/blockquote>\n<p class=\"font_8\">\" My original aim is to blur the boundary between the real and the imaginary.<br \/>\nDuring this quest, scenes appear in my mind, fleeting and moving. My obsession is to transcribe these scenes as faithfully as possible. It is this thirst for authenticity, life and movement that guides my research. This need for contrast between blur and sharpness that invites sensory immersion.<\/p>\n<p class=\"font_8\">Above and beyond this technical requirement, I wish above all to be a storyteller. By blending realism and onirism, I narrate a transfigured world on the borderline between romanticism and symbolism.<\/p>\n<p class=\"font_8\">My universe reflects states of mind in constant duality. These are materialised in works with their own voice, whose mystery and poetry leave room for varying degrees of interpretation. This inner conflict shines through in all my work, which deals with multiple aspects of existence. Gradually illustrating a reality as I feel it as a whole, bittersweet. \"<\/p>\n<blockquote>\n<p class=\"font_8\" style=\"text-align: right;\">&#8220;<\/p>\n<\/blockquote>\n\n\t\t<\/div>\n\t<\/div>\n<\/div><\/div><\/div><div  class=\"wpb_column vc_column_container vc_col-sm-5 vc_col-sm-offset-1\"><div class=\"vc_column-inner\" style=\"\" ><div class=\"wpb_wrapper\"><div class=\"vc_empty_space  xtd-spacer--xl\"   style=\"height: 2rem\"><span class=\"vc_empty_space_inner\"><\/span><\/div>\n\t<div class=\"wpb_single_image wpb_content_element vc_align_left   xtd-offset-frame\">\n\t\t\n\t\t<figure class=\"wpb_wrapper vc_figure\">\n\t\t\t<div class=\"vc_single_image-wrapper xtd-shadow--normal-normal  vc_box_border_grey\"><img loading=\"lazy\" decoding=\"async\" width=\"660\" height=\"503\" src=\"https:\/\/dimitribuiron.com\/wp-content\/uploads\/2023\/02\/20201114_121158-1024x780.jpg\" class=\"vc_single_image-img attachment-large\" alt=\"\" title=\"20201114_121158\" \/><\/div>\n\t\t<\/figure>\n\t<\/div>\n\n\t<div class=\"wpb_text_column wpb_content_element\" >\n\t\t<div class=\"wpb_wrapper\">\n\t\t\t<p style=\"text-align: center;\"><span style=\"color: #000000;\">Dimitri Buiron is a painter on the border between hyperrealism, romanticism and symbolism. He lives and works<\/span><span style=\"color: #000000;\"> \u00e0 Angers, France.<\/span><\/p>\n\n\t\t<\/div>\n\t<\/div>\n\n\t<div class=\"wpb_text_column wpb_content_element\" >\n\t\t<div class=\"wpb_wrapper\">\n\t\t\t<h2 style=\"text-align: center;\">Awards<\/h2>\n<hr \/>\n<p style=\"text-align: center;\">&#8211; M\u00e9daille d&#8217;or &#8211; Salon des Artistes Fran\u00e7ais &#8211; 2026<br \/>\n&#8211; Prix Club des Amis de l&#8217;Europe et des Arts (CAEA) &#8211; 2024 \/ 2025<br \/>\n&#8211; M\u00e9daille d&#8217;argent &#8211; Salon des Artistes Fran\u00e7ais &#8211; 2024<br \/>\n&#8211; Prix E. Rugale Micha\u00eflov &#8211; Fondation Taylor &#8211; 2023<br \/>\n&#8211; M\u00e9daille de bronze &#8211; Salon des Artistes Fran\u00e7ais &#8211; 2022<br \/>\n- Member of the Soci\u00e9t\u00e9 des Artistes Fran\u00e7ais<br \/>\n- Member of the Taylor Foundation<\/p>\n\n\t\t<\/div>\n\t<\/div>\n<\/div><\/div><\/div><\/div><div class=\"vc_row-full-width vc_clearfix\"><\/div><div data-stellar-offset-parent=\"true\"  class=\"vc_row wpb_row vc_row-fluid content-padding\"><div  class=\"wpb_column vc_column_container vc_col-sm-12\"><div class=\"vc_column-inner\" style=\"\" ><div class=\"wpb_wrapper\">\n\t<div class=\"wpb_text_column wpb_content_element\" >\n\t\t<div class=\"wpb_wrapper\">\n\t\t\t<h1 style=\"text-align: center;\">Events<\/h1>\n\n\t\t<\/div>\n\t<\/div>\n\n\t<div class=\"wpb_single_image wpb_content_element vc_align_center\">\n\t\t\n\t\t<figure class=\"wpb_wrapper vc_figure\">\n\t\t\t<div class=\"vc_single_image-wrapper   vc_box_border_grey\"><img loading=\"lazy\" decoding=\"async\" width=\"2337\" height=\"1071\" src=\"https:\/\/dimitribuiron.com\/wp-content\/uploads\/2023\/02\/banderole-site-2.jpg\" class=\"vc_single_image-img attachment-full\" alt=\"\" title=\"\" \/><\/div>\n\t\t<\/figure>\n\t<\/div>\n<\/div><\/div><\/div><\/div><div id=\"about-us\" data-vc-full-width=\"true\" data-vc-full-width-init=\"false\" data-stellar-offset-parent=\"true\"  class=\"vc_row wpb_row vc_row-fluid xtd-background--fixed bg-pos-center-bottom bg-no-repeat content-padding-lg vc_custom_1504180279621 vc_row-has-fill\"><div  class=\"wpb_column vc_column_container vc_col-sm-12\"><div class=\"vc_column-inner\" style=\"\" ><div class=\"wpb_wrapper\"><div class='xtd-timeline'><div class='xtd-timeline__item' data-title='Kasprowicz Museum- Inowroc\u0142aw - Pologne. Diocesan Museum - Pelpin - Pologne. Galerie Stratos - Varsovie - Pologne. H\u00f4tel Tumski- Plock - Pologne'>\n\t<div class=\"wpb_text_column wpb_content_element  vc_custom_1767953983069 z-index--1 color-primary\" >\n\t\t<div class=\"wpb_wrapper\">\n\t\t\t<p><strong class=\"font-family--h1 display-1\">2026<\/strong><\/p>\n\n\t\t<\/div>\n\t<\/div>\n\n\t<div class=\"wpb_single_image wpb_content_element vc_align_left   xtd-offset-frame\">\n\t\t\n\t\t<figure class=\"wpb_wrapper vc_figure\">\n\t\t\t<div class=\"vc_single_image-wrapper xtd-shadow--normal-light  vc_box_border_grey\"><img loading=\"lazy\" decoding=\"async\" width=\"613\" height=\"1024\" src=\"https:\/\/dimitribuiron.com\/wp-content\/uploads\/2025\/11\/Reminiscence-3-oil-on-canvas-162-x-97-final-2-613x1024.jpg\" class=\"vc_single_image-img attachment-large\" alt=\"\" title=\"Reminiscence 3 - 2025 - huile sur toile 162 x 97 - Vendu\" \/><\/div>\n\t\t<\/figure>\n\t<\/div>\n<div class=\"vc_empty_space\"   style=\"height: 32px\"><span class=\"vc_empty_space_inner\"><\/span><\/div>\n\t<div class=\"wpb_text_column wpb_content_element\" >\n\t\t<div class=\"wpb_wrapper\">\n\t\t\t<p class=\"lead-sm h1--font-family\"><strong> 18e Art Renewal Center competition<\/strong> &#8211; Finaliste &#8211; <em>US<\/em><br \/>\n<strong>Salon des Artistes Fran\u00e7ais<\/strong>\u00a0&#8211;\u00a0Grand Palais &#8211; <em>Paris<\/em><br \/>\n<b>Salon Comparaisons <\/b>&#8211;\u00a0Grand Palais &#8211; <em>Paris<\/em><br \/>\n<strong>Kasprowicz Museum<\/strong>&#8211; Inowroc\u0142aw\u00a0&#8211;\u00a0<em>Pologne<\/em><br \/>\n<strong>Diocesan Museum <\/strong>&#8211; Pelpin &#8211; <em>Pologne<\/em><br \/>\n<strong>Galerie Stratos<\/strong>\u00a0&#8211; Varsovie &#8211; <em>Pologne<\/em><br \/>\n<strong>H\u00f4tel Tumski<\/strong>&#8211;\u00a0Plock\u00a0&#8211; <em>Pologne<\/em><\/p>\n\n\t\t<\/div>\n\t<\/div>\n<\/div><div class='xtd-timeline__item' data-title=''>\n\t<div class=\"wpb_text_column wpb_content_element  vc_custom_1736880315610 z-index--1 color-primary\" >\n\t\t<div class=\"wpb_wrapper\">\n\t\t\t<p><strong class=\"font-family--h1 display-1\">2025<\/strong><\/p>\n\n\t\t<\/div>\n\t<\/div>\n\n\t<div class=\"wpb_single_image wpb_content_element vc_align_left   xtd-offset-frame\">\n\t\t\n\t\t<figure class=\"wpb_wrapper vc_figure\">\n\t\t\t<div class=\"vc_single_image-wrapper xtd-shadow--normal-light  vc_box_border_grey\"><img loading=\"lazy\" decoding=\"async\" width=\"660\" height=\"799\" src=\"https:\/\/dimitribuiron.com\/wp-content\/uploads\/2024\/12\/Reminiscence-0.1-oil-on-cancas-46-x-38-compressed-846x1024.jpg\" class=\"vc_single_image-img attachment-large\" alt=\"\" title=\"Reminiscence 0.1 - 2024 - huile sur toile 46 x 38 - Vendu\" \/><\/div>\n\t\t<\/figure>\n\t<\/div>\n<div class=\"vc_empty_space\"   style=\"height: 32px\"><span class=\"vc_empty_space_inner\"><\/span><\/div>\n\t<div class=\"wpb_text_column wpb_content_element\" >\n\t\t<div class=\"wpb_wrapper\">\n\t\t\t<p class=\"lead-sm h1--font-family\"><strong> 17e Art Renewal Center competition<\/strong> &#8211; Finaliste &#8211; <em>US<\/em><br \/>\n<strong>Salon des Artistes Fran\u00e7ais<\/strong>\u00a0&#8211;\u00a0Grand Palais &#8211; <em>Paris<\/em><br \/>\n<strong>Exposition &#8221; Cr\u00e9er \u00e0 tout prix &#8221;\u00a0<\/strong> &#8211; Mus\u00e9e des beaux arts et d&#8217;arch\u00e9ologie\u00a0&#8211; <em>Ch\u00e2lons-en-Champagne<\/em><br \/>\n<strong>Exposition collective<\/strong>\u00a0&#8211; Mus\u00e9e biblique Gutenberg &#8211; <em>Pologne<\/em><br \/>\n<strong>Exposition &#8221; portrait &#8220;<\/strong>&#8211;\u00a0Ch\u00e2teau des Tourelles\u00a0&#8211; <em>Bois-Colombes<\/em><\/p>\n\n\t\t<\/div>\n\t<\/div>\n<\/div><div class='xtd-timeline__item' data-title=''>\n\t<div class=\"wpb_text_column wpb_content_element  vc_custom_1736880324399 z-index--1 color-primary\" >\n\t\t<div class=\"wpb_wrapper\">\n\t\t\t<p><strong class=\"font-family--h1 display-1\">2024<\/strong><\/p>\n\n\t\t<\/div>\n\t<\/div>\n\n\t<div class=\"wpb_single_image wpb_content_element vc_align_left   xtd-offset-frame\">\n\t\t\n\t\t<figure class=\"wpb_wrapper vc_figure\">\n\t\t\t<div class=\"vc_single_image-wrapper xtd-shadow--normal-light  vc_box_border_grey\"><img loading=\"lazy\" decoding=\"async\" width=\"660\" height=\"822\" src=\"https:\/\/dimitribuiron.com\/wp-content\/uploads\/2024\/11\/emergence-2-huile-et-feuille-dor-sur-toile-162-x-130-822x1024.jpg\" class=\"vc_single_image-img attachment-large\" alt=\"\" title=\"Emergence 2 - 2024 - huile et feuille d&#039;or sur toile 162 x 130 - Vendu\" \/><\/div>\n\t\t<\/figure>\n\t<\/div>\n<div class=\"vc_empty_space\"   style=\"height: 32px\"><span class=\"vc_empty_space_inner\"><\/span><\/div>\n\t<div class=\"wpb_text_column wpb_content_element\" >\n\t\t<div class=\"wpb_wrapper\">\n\t\t\t<p class=\"lead-sm h1--font-family\"><strong> Exposition Grands Prix 2023<\/strong>\u00a0&#8211; Fondation Taylor &#8211; <em>Paris\u00a0<\/em><br \/>\n<strong>Salon des Artistes Fran\u00e7ais<\/strong>\u00a0&#8211; Grand Palais \u00c9ph\u00e9m\u00e8re &#8211; <em>Paris\u00a0<\/em><br \/>\n<strong>Salon Comparaisons\u00a0<\/strong>&#8211;\u00a0Grand Palais \u00c9ph\u00e9m\u00e8re\u00a0&#8211; <em>Paris<\/em><br \/>\n<strong>Solo show <\/strong>&#8211; Tour Saint-Aubin &#8211; <em>Angers<\/em><br \/>\n<strong>Artcit\u00e9 <\/strong>&#8211; H\u00f4tel de Ville &#8211; Fontenay-sous-Bois<\/p>\n\n\t\t<\/div>\n\t<\/div>\n<\/div><div class='xtd-timeline__item' data-title=''>\n\t<div class=\"wpb_text_column wpb_content_element  vc_custom_1676295667244 z-index--1 color-primary\" >\n\t\t<div class=\"wpb_wrapper\">\n\t\t\t<p><strong class=\"font-family--h1 display-1\">2023<\/strong><\/p>\n\n\t\t<\/div>\n\t<\/div>\n\n\t<div class=\"wpb_single_image wpb_content_element vc_align_left   xtd-offset-frame\">\n\t\t\n\t\t<figure class=\"wpb_wrapper vc_figure\">\n\t\t\t<div class=\"vc_single_image-wrapper xtd-shadow--normal-light  vc_box_border_grey\"><img loading=\"lazy\" decoding=\"async\" width=\"660\" height=\"411\" src=\"https:\/\/dimitribuiron.com\/wp-content\/uploads\/2023\/02\/Reminiscence-1-huile-sur-toile-81-x-130-1024x638.jpg\" class=\"vc_single_image-img attachment-large\" alt=\"\" title=\"Reminiscence n\u00b01 - 2022 - huile sur toile 81 x 130 - Disponible\" \/><\/div>\n\t\t<\/figure>\n\t<\/div>\n<div class=\"vc_empty_space\"   style=\"height: 32px\"><span class=\"vc_empty_space_inner\"><\/span><\/div>\n\t<div class=\"wpb_text_column wpb_content_element\" >\n\t\t<div class=\"wpb_wrapper\">\n\t\t\t<p class=\"lead-sm h1--font-family\"><strong>Salon des Artistes Fran\u00e7ais<\/strong>\u00a0&#8211;\u00a0Grand Palais \u00c9ph\u00e9m\u00e8re\u00a0&#8211; <em>Paris<\/em><br \/>\n<strong>Salon Comparaisons\u00a0<\/strong>&#8211;\u00a0Grand Palais \u00c9ph\u00e9m\u00e8re\u00a0&#8211; <em>Paris<\/em><br \/>\n<strong>Exhibition<\/strong>\u00a0\u2013 Coldwell Banker agency\u00a0\u2013 <em>Saint-Germain-en-Laye<\/em><br \/>\n<strong>Salon 49 Regards\u00a0<\/strong>&#8211;\u00a0Anciennes Ecuries\u00a0&#8211; <em>Tr\u00e9laz\u00e9<\/em><br \/>\n<strong>Salon des Arts\u00a0<\/strong> ( Invit\u00e9 d&#8217;honneur ) &#8211; <em>Cholet<\/em><\/p>\n\n\t\t<\/div>\n\t<\/div>\n<\/div><div class='xtd-timeline__item' data-title='R\u00e9compenses : Salon des Artistes Fran\u00e7ais - Art Capital - M\u00e9daille de bronze'>\n\t<div class=\"wpb_text_column wpb_content_element  vc_custom_1676295675864 z-index--1 color-primary\" >\n\t\t<div class=\"wpb_wrapper\">\n\t\t\t<p><strong class=\"font-family--h1 display-1\">2022<\/strong><\/p>\n\n\t\t<\/div>\n\t<\/div>\n\n\t<div class=\"wpb_single_image wpb_content_element vc_align_left   xtd-offset-frame\">\n\t\t\n\t\t<figure class=\"wpb_wrapper vc_figure\">\n\t\t\t<div class=\"vc_single_image-wrapper xtd-shadow--normal-light  vc_box_border_grey\"><img loading=\"lazy\" decoding=\"async\" width=\"660\" height=\"507\" src=\"https:\/\/dimitribuiron.com\/wp-content\/uploads\/2023\/02\/New-Hope-huile-sur-toile-89-x-116-1024x786.jpg\" class=\"vc_single_image-img attachment-large\" alt=\"\" title=\"New hope - 2021 - huile sur toile 89 x 116 - disponible\" \/><\/div>\n\t\t<\/figure>\n\t<\/div>\n<div class=\"vc_empty_space\"   style=\"height: 32px\"><span class=\"vc_empty_space_inner\"><\/span><\/div>\n\t<div class=\"wpb_text_column wpb_content_element\" >\n\t\t<div class=\"wpb_wrapper\">\n\t\t\t<p class=\"lead-sm h1--font-family\"><strong>Adh\u00e9sion<\/strong> &#8211;\u00a0Fondation Taylor<br \/>\n<strong>Salon des Artistes Fran\u00e7ais<\/strong>\u00a0&#8211;\u00a0Grand Palais \u00c9ph\u00e9m\u00e8re\u00a0&#8211; <em>Paris<\/em><br \/>\n<strong>Salon d&#8217;Automne<\/strong>\u00a0&#8211; Grande Halle de la Villette &#8211; <em>Paris<\/em><\/p>\n\n\t\t<\/div>\n\t<\/div>\n<\/div><div class='xtd-timeline__item' data-title=''>\n\t<div class=\"wpb_text_column wpb_content_element  vc_custom_1676295684630 z-index--1 color-primary\" >\n\t\t<div class=\"wpb_wrapper\">\n\t\t\t<p><strong class=\"font-family--h1 display-1\">2021<\/strong><\/p>\n\n\t\t<\/div>\n\t<\/div>\n\n\t<div class=\"wpb_single_image wpb_content_element vc_align_left   xtd-offset-frame\">\n\t\t\n\t\t<figure class=\"wpb_wrapper vc_figure\">\n\t\t\t<div class=\"vc_single_image-wrapper xtd-shadow--normal-light  vc_box_border_grey\"><img loading=\"lazy\" decoding=\"async\" width=\"660\" height=\"860\" src=\"https:\/\/dimitribuiron.com\/wp-content\/uploads\/2023\/02\/Standing-huile-sur-toile-116-x-89-786x1024.jpg\" class=\"vc_single_image-img attachment-large\" alt=\"\" title=\"Standing - 2021 - huile sur toile 116 x 89 - disponible\" \/><\/div>\n\t\t<\/figure>\n\t<\/div>\n<div class=\"vc_empty_space\"   style=\"height: 32px\"><span class=\"vc_empty_space_inner\"><\/span><\/div>\n\t<div class=\"wpb_text_column wpb_content_element\" >\n\t\t<div class=\"wpb_wrapper\">\n\t\t\t<p class=\"lead-sm h1--font-family\"><strong>\"Social Gravity\" series exhibition<\/strong>\u00a0\u2013 7 paintings \u2013 Palais des congr\u00e8s \u2013\u00a0<em>Versailles\u200b<\/em><br \/>\n<strong>\u00a0Arte Laguna World 20.21\u200b<\/strong><\/p>\n\n\t\t<\/div>\n\t<\/div>\n<\/div><div class='xtd-timeline__item' data-title=''>\n\t<div class=\"wpb_text_column wpb_content_element  vc_custom_1676295702132 z-index--1 color-primary\" >\n\t\t<div class=\"wpb_wrapper\">\n\t\t\t<p><strong class=\"font-family--h1 display-1\">2020<\/strong><\/p>\n\n\t\t<\/div>\n\t<\/div>\n\n\t<div class=\"wpb_single_image wpb_content_element vc_align_left  vc_custom_1676298380893  xtd-offset-frame\">\n\t\t\n\t\t<figure class=\"wpb_wrapper vc_figure\">\n\t\t\t<div class=\"vc_single_image-wrapper xtd-shadow--normal-light  vc_box_border_grey\"><img loading=\"lazy\" decoding=\"async\" width=\"660\" height=\"875\" src=\"https:\/\/dimitribuiron.com\/wp-content\/uploads\/2023\/02\/In-The-Electric-Mist-97-x-130-772x1024.jpg\" class=\"vc_single_image-img attachment-large\" alt=\"\" title=\"In the electric mist - 2019 - huile su toile 130 x 97 - disponible\" \/><\/div>\n\t\t<\/figure>\n\t<\/div>\n<div class=\"vc_empty_space\"   style=\"height: 32px\"><span class=\"vc_empty_space_inner\"><\/span><\/div>\n\t<div class=\"wpb_text_column wpb_content_element\" >\n\t\t<div class=\"wpb_wrapper\">\n\t\t\t<p class=\"lead-sm h1--font-family\"><strong>\"Social Gravity\" series exhibition<\/strong>\u00a0\u2013 7 paintings \u2013 Palais des congr\u00e8s \u2013\u00a0<em>Versailles<\/em>\u00a0( Reported )<br \/>\n<strong>Salon d&#8217;Automne<\/strong>\u00a0&#8211; Champs-\u00c9lys\u00e9es &#8211; <em>Paris<\/em> ( Cancelled )<br \/>\n<strong>Artbox Project\u00a0<\/strong>&#8211; <em>Barcelone<\/em> ( reported )<br \/>\n<strong>Salon des\u00a0jeunes talents plasticiens\u00a0Arbustes<\/strong> &#8211; <em>Mantes La Jolie<\/em><\/p>\n\n\t\t<\/div>\n\t<\/div>\n<\/div><div class='xtd-timeline__item' data-title=''>\n\t<div class=\"wpb_text_column wpb_content_element  vc_custom_1676295745410 z-index--1 color-primary\" >\n\t\t<div class=\"wpb_wrapper\">\n\t\t\t<p><strong class=\"font-family--h1 display-1\">2019<\/strong><\/p>\n\n\t\t<\/div>\n\t<\/div>\n\n\t<div class=\"wpb_single_image wpb_content_element vc_align_left   xtd-offset-frame\">\n\t\t\n\t\t<figure class=\"wpb_wrapper vc_figure\">\n\t\t\t<div class=\"vc_single_image-wrapper xtd-shadow--normal-light  vc_box_border_grey\"><img loading=\"lazy\" decoding=\"async\" width=\"660\" height=\"390\" src=\"https:\/\/dimitribuiron.com\/wp-content\/uploads\/2023\/02\/wake-up-huile-sur-toile-162-x-97-3-copie-1024x605.jpg\" class=\"vc_single_image-img attachment-large\" alt=\"\" title=\"Wake up - 2017 - huile sur toile 97 x 162 - Vol\u00e9e\" \/><\/div>\n\t\t<\/figure>\n\t<\/div>\n<div class=\"vc_empty_space\"   style=\"height: 32px\"><span class=\"vc_empty_space_inner\"><\/span><\/div>\n\t<div class=\"wpb_text_column wpb_content_element\" >\n\t\t<div class=\"wpb_wrapper\">\n\t\t\t<p class=\"lead-sm h1--font-family\"><strong>Salon d&#8217;Automne<\/strong>\u00a0&#8211; Champs-\u00c9lys\u00e9es &#8211; <em>Paris\u200b<\/em><br \/>\n<strong>Exposition collective<\/strong> &#8211;\u00a0Art For Life\u00a0&#8211; <em>Paris\u200b<\/em><br \/>\n<strong>Salon des\u00a0jeunes talents plasticiens\u00a0Arbustes<\/strong> &#8211; <em>Mantes La Jolie<\/em><\/p>\n\n\t\t<\/div>\n\t<\/div>\n<\/div><div class='xtd-timeline__item' data-title='R\u00e9compenses : Salon des Jeunes Talents Plasticiens - Grand prix du jury'>\n\t<div class=\"wpb_text_column wpb_content_element  vc_custom_1676295772708 z-index--1 color-primary\" >\n\t\t<div class=\"wpb_wrapper\">\n\t\t\t<p><strong class=\"font-family--h1 display-1\">2018<\/strong><\/p>\n\n\t\t<\/div>\n\t<\/div>\n\n\t<div class=\"wpb_single_image wpb_content_element vc_align_left  vc_custom_1676298345949  xtd-offset-frame\">\n\t\t\n\t\t<figure class=\"wpb_wrapper vc_figure\">\n\t\t\t<div class=\"vc_single_image-wrapper xtd-shadow--normal-light  vc_box_border_grey\"><img loading=\"lazy\" decoding=\"async\" width=\"660\" height=\"457\" src=\"https:\/\/dimitribuiron.com\/wp-content\/uploads\/2023\/02\/Your-Creed-huile-sur-toile-116-x-81-1024x709.jpg\" class=\"vc_single_image-img attachment-large\" alt=\"\" title=\"Your creed - 2018 - huile sur toile 81 x 116 - Disponible\" \/><\/div>\n\t\t<\/figure>\n\t<\/div>\n<div class=\"vc_empty_space\"   style=\"height: 32px\"><span class=\"vc_empty_space_inner\"><\/span><\/div>\n\t<div class=\"wpb_text_column wpb_content_element\" >\n\t\t<div class=\"wpb_wrapper\">\n\t\t\t<p class=\"lead-sm h1--font-family\"><strong>Salon d&#8217;Automne<\/strong>\u00a0&#8211;\u00a0Champs-\u00c9lys\u00e9es\u00a0&#8211; <em>Paris\u200b<\/em><br \/>\n<strong>Exposition collective\u00a0Colorfiled Gallery<\/strong>\u00a0&#8211; <em>Paris\u200b<\/em><br \/>\n<strong>Salon des\u00a0jeunes talents plasticiens\u00a0Arbustes<\/strong>\u00a0&#8211;\u00a0<em>Mantes La Jolie<\/em><\/p>\n\n\t\t<\/div>\n\t<\/div>\n<\/div><div class='xtd-timeline__item' data-title='R\u00e9compenses : Salon d Automne de Paris - Prix \u00abArbuste\u00bb \/ Salon des Jeunes Talents Plasticiens - Grand prix du jury'>\n\t<div class=\"wpb_text_column wpb_content_element  vc_custom_1676295813092 z-index--1 color-primary\" >\n\t\t<div class=\"wpb_wrapper\">\n\t\t\t<p><strong class=\"font-family--h1 display-1\">2017<\/strong><\/p>\n\n\t\t<\/div>\n\t<\/div>\n\n\t<div class=\"wpb_single_image wpb_content_element vc_align_left   xtd-offset-frame\">\n\t\t\n\t\t<figure class=\"wpb_wrapper vc_figure\">\n\t\t\t<div class=\"vc_single_image-wrapper xtd-shadow--normal-light  vc_box_border_grey\"><img loading=\"lazy\" decoding=\"async\" width=\"660\" height=\"877\" src=\"https:\/\/dimitribuiron.com\/wp-content\/uploads\/2023\/02\/Vagrant-Idea-huile-sur-toile-97-x-130-771x1024.jpg\" class=\"vc_single_image-img attachment-large\" alt=\"\" title=\"Vagrant idea - 2018 - huile sur toile 130 x 97 - Vendu\" \/><\/div>\n\t\t<\/figure>\n\t<\/div>\n<div class=\"vc_empty_space\"   style=\"height: 32px\"><span class=\"vc_empty_space_inner\"><\/span><\/div>\n\t<div class=\"wpb_text_column wpb_content_element\" >\n\t\t<div class=\"wpb_wrapper\">\n\t\t\t<p class=\"lead-sm h1--font-family\">Art Up\u00a0Lille &#8211; Stand\u00a0New Square Galerie\u00a0&#8211;\u00a0Lille\u200b<br \/>\nSalon d&#8217;Automne\u00a0&#8211;\u00a0Champs-\u00c9lys\u00e9es\u00a0&#8211; Paris\u200b<\/p>\n\n\t\t<\/div>\n\t<\/div>\n<\/div><div class='xtd-timeline__item' data-title='R\u00e9compenses : Salon de Peinture toutes techniques - Prix coup de c\u0153ur Galerie n\u00b01 + 1er prix du jury'>\n\t<div class=\"wpb_text_column wpb_content_element  vc_custom_1676295823038 z-index--1 color-primary\" >\n\t\t<div class=\"wpb_wrapper\">\n\t\t\t<p><strong class=\"font-family--h1 display-1\">2016<\/strong><\/p>\n\n\t\t<\/div>\n\t<\/div>\n\n\t<div class=\"wpb_single_image wpb_content_element vc_align_left  vc_custom_1676298311317  xtd-offset-frame\">\n\t\t\n\t\t<figure class=\"wpb_wrapper vc_figure\">\n\t\t\t<div class=\"vc_single_image-wrapper xtd-shadow--normal-light  vc_box_border_grey\"><img loading=\"lazy\" decoding=\"async\" width=\"660\" height=\"502\" src=\"https:\/\/dimitribuiron.com\/wp-content\/uploads\/2023\/02\/Flip-Side-huile-sur-toile-116-x-89-1024x779.jpg\" class=\"vc_single_image-img attachment-large\" alt=\"\" title=\"Flip side - 2016 - huile sur toile 89 x 116 - Vendu\" \/><\/div>\n\t\t<\/figure>\n\t<\/div>\n<div class=\"vc_empty_space\"   style=\"height: 32px\"><span class=\"vc_empty_space_inner\"><\/span><\/div>\n\t<div class=\"wpb_text_column wpb_content_element\" >\n\t\t<div class=\"wpb_wrapper\">\n\t\t\t<p class=\"lead-sm h1--font-family\"><strong>Salon\u00a0Artoulouse Expo<\/strong>\u00a0&#8211; Stand solo\u00a0&#8211;\u00a0<em>Toulouse\u200b<\/em><br \/>\n<strong>Salon des\u00a0jeunes talents plasticiens\u00a0Arbustes<\/strong>\u00a0&#8211;\u00a0<em>Mantes La Jolie<\/em><\/p>\n\n\t\t<\/div>\n\t<\/div>\n<\/div><div class='xtd-timeline__item' data-title='7\u00e8me Salon de Peinture toutes techniques : -Prix coup de c\u0153ur Artoulouse -2\u00e8me prix du jury'>\n\t<div class=\"wpb_text_column wpb_content_element  vc_custom_1676295861135 z-index--1 color-primary\" >\n\t\t<div class=\"wpb_wrapper\">\n\t\t\t<p><strong class=\"font-family--h1 display-1\">2015<\/strong><\/p>\n\n\t\t<\/div>\n\t<\/div>\n\n\t<div class=\"wpb_single_image wpb_content_element vc_align_left   xtd-offset-frame\">\n\t\t\n\t\t<figure class=\"wpb_wrapper vc_figure\">\n\t\t\t<div class=\"vc_single_image-wrapper xtd-shadow--normal-light  vc_box_border_grey\"><img loading=\"lazy\" decoding=\"async\" width=\"660\" height=\"885\" src=\"https:\/\/dimitribuiron.com\/wp-content\/uploads\/2023\/02\/Fountain-huile-sur-toile-130-x-97-764x1024.jpg\" class=\"vc_single_image-img attachment-large\" alt=\"\" title=\"Fountain - 2019 -huile sur toile 130 x 97 - Vendu\" \/><\/div>\n\t\t<\/figure>\n\t<\/div>\n<div class=\"vc_empty_space\"   style=\"height: 32px\"><span class=\"vc_empty_space_inner\"><\/span><\/div><\/div><\/div><\/div><\/div><\/div><\/div><div class=\"vc_row-full-width vc_clearfix\"><\/div><div data-stellar-offset-parent=\"true\"  class=\"vc_row wpb_row vc_row-fluid content-padding\"><div  class=\"wpb_column vc_column_container vc_col-sm-12\"><div class=\"vc_column-inner\" style=\"\" ><div class=\"wpb_wrapper\"><div class=\"vc_btn3-container vc_btn3-center\" ><a class=\"vc_general vc_btn3 vc_btn3-size-lg vc_btn3-shape-rounded vc_btn3-style-btn-primary vc_btn3-color-grey\" href=\"https:\/\/dimitribuiron.com\/en\/contact\/\" title=\"Contact\">Do you need information ?<\/a><\/div><\/div><\/div><\/div><\/div>","protected":false},"excerpt":{"rendered":"D\u00e9marche Les oeuvres de Dimitri BUIRON forment un pont entre une sensibilit\u00e9 h\u00e9rit\u00e9e des peintres romantiques et symboliques du 19\u00e8me si\u00e8cle, et des questionnements de notre temps. \" Mon but originel est de troubler la fronti\u00e8re entre r\u00e9el et imaginaire. Lors de cette qu\u00eate, des sc\u00e8nes apparaissent dans mon esprit, de mani\u00e8re fugace et mouvante. Mon obsession consiste alors \u00e0 [...]","protected":false},"author":2,"featured_media":0,"parent":0,"menu_order":0,"comment_status":"closed","ping_status":"closed","template":"","meta":{"footnotes":""},"class_list":["post-80","page","type-page","status-publish","hentry"],"_links":{"self":[{"href":"https:\/\/dimitribuiron.com\/en\/wp-json\/wp\/v2\/pages\/80","targetHints":{"allow":["GET"]}}],"collection":[{"href":"https:\/\/dimitribuiron.com\/en\/wp-json\/wp\/v2\/pages"}],"about":[{"href":"https:\/\/dimitribuiron.com\/en\/wp-json\/wp\/v2\/types\/page"}],"author":[{"embeddable":true,"href":"https:\/\/dimitribuiron.com\/en\/wp-json\/wp\/v2\/users\/2"}],"replies":[{"embeddable":true,"href":"https:\/\/dimitribuiron.com\/en\/wp-json\/wp\/v2\/comments?post=80"}],"version-history":[{"count":54,"href":"https:\/\/dimitribuiron.com\/en\/wp-json\/wp\/v2\/pages\/80\/revisions"}],"predecessor-version":[{"id":930,"href":"https:\/\/dimitribuiron.com\/en\/wp-json\/wp\/v2\/pages\/80\/revisions\/930"}],"wp:attachment":[{"href":"https:\/\/dimitribuiron.com\/en\/wp-json\/wp\/v2\/media?parent=80"}],"curies":[{"name":"wp","href":"https:\/\/api.w.org\/{rel}","templated":true}]}}